{"id":1314,"date":"2019-11-07T01:56:06","date_gmt":"2019-11-07T00:56:06","guid":{"rendered":"http:\/\/absolwenci-uek.pl\/?page_id=1314"},"modified":"2021-06-01T17:33:27","modified_gmt":"2021-06-01T15:33:27","slug":"historia","status":"publish","type":"page","link":"https:\/\/absolwent.uek.krakow.pl\/?page_id=1314","title":{"rendered":"Historia"},"content":{"rendered":"<p><div class=\"fusion-bg-parallax\" data-bg-align=\"center center\" data-direction=\"right\" data-mute=\"false\" data-opacity=\"100\" data-velocity=\"-0.8\" data-mobile-enabled=\"false\" data-break_parents=\"0\" data-bg-image=\"http:\/\/absolwenci-uek.pl\/wp-content\/uploads\/2019\/11\/bgr-history.jpg\" data-bg-repeat=\"false\" ><\/div><div class=\"fusion-fullwidth fullwidth-box fusion-builder-row-1 fusion-flex-container fusion-parallax-right nonhundred-percent-fullwidth non-hundred-percent-height-scrolling\" style=\"--awb-border-radius-top-left:0px;--awb-border-radius-top-right:0px;--awb-border-radius-bottom-right:0px;--awb-border-radius-bottom-left:0px;--awb-padding-top:70px;--awb-padding-bottom:40px;--awb-background-image:url(&quot;http:\/\/absolwenci-uek.pl\/wp-content\/uploads\/2019\/11\/bgr-history.jpg&quot;);--awb-background-size:cover;--awb-flex-wrap:wrap;\" id=\"historia\" ><div class=\"fusion-builder-row fusion-row fusion-flex-align-items-flex-start fusion-flex-content-wrap\" style=\"max-width:1144px;margin-left: calc(-4% \/ 2 );margin-right: calc(-4% \/ 2 );\"><div class=\"fusion-layout-column fusion_builder_column fusion-builder-column-0 fusion_builder_column_1_6 1_6 fusion-flex-column fusion-no-small-visibility\" style=\"--awb-bg-size:cover;--awb-width-large:16.666666666667%;--awb-margin-top-large:2%;--awb-spacing-right-large:11.52%;--awb-margin-bottom-large:50px;--awb-spacing-left-large:11.52%;--awb-width-medium:16.666666666667%;--awb-spacing-right-medium:11.52%;--awb-spacing-left-medium:11.52%;--awb-width-small:100%;--awb-spacing-right-small:1.92%;--awb-spacing-left-small:1.92%;\"><div class=\"fusion-column-wrapper fusion-flex-justify-content-flex-start fusion-content-layout-column\"><\/div><\/div><div class=\"fusion-layout-column fusion_builder_column fusion-builder-column-1 fusion_builder_column_2_3 2_3 fusion-flex-column\" style=\"--awb-bg-size:cover;--awb-width-large:66.666666666667%;--awb-margin-top-large:2%;--awb-spacing-right-large:2.88%;--awb-margin-bottom-large:50px;--awb-spacing-left-large:2.88%;--awb-width-medium:66.666666666667%;--awb-spacing-right-medium:2.88%;--awb-spacing-left-medium:2.88%;--awb-width-small:100%;--awb-spacing-right-small:1.92%;--awb-spacing-left-small:1.92%;\"><div class=\"fusion-column-wrapper fusion-flex-justify-content-flex-start fusion-content-layout-column\"><div class=\"fusion-text fusion-text-1\"><h2 style=\"color: #ffffff; text-align: center;\">Historia<\/h2>\n<\/div><div class=\"fusion-separator\" style=\"align-self: center;margin-left: auto;margin-right: auto;margin-bottom:35px;width:100%;max-width:100px;\"><div class=\"fusion-separator-border sep-single sep-solid\" style=\"--awb-height:20px;--awb-amount:20px;--awb-sep-color:#ffffff;border-color:#ffffff;border-top-width:2px;\"><\/div><\/div><div class=\"fusion-text fusion-text-2\"><p style=\"font-size: 22px; line-height: 32px; font-weight: 300; color: #ffffff; text-align: center;\">Najwa\u017cniejsze daty w naszej historii:<\/p>\n<\/div><\/div><\/div><div class=\"fusion-layout-column fusion_builder_column fusion-builder-column-2 fusion_builder_column_1_6 1_6 fusion-flex-column fusion-no-small-visibility\" style=\"--awb-bg-size:cover;--awb-width-large:16.666666666667%;--awb-margin-top-large:2%;--awb-spacing-right-large:11.52%;--awb-margin-bottom-large:50px;--awb-spacing-left-large:11.52%;--awb-width-medium:16.666666666667%;--awb-spacing-right-medium:11.52%;--awb-spacing-left-medium:11.52%;--awb-width-small:100%;--awb-spacing-right-small:1.92%;--awb-spacing-left-small:1.92%;\"><div class=\"fusion-column-wrapper fusion-flex-justify-content-flex-start fusion-content-layout-column\"><\/div><\/div><div class=\"fusion-layout-column fusion_builder_column fusion-builder-column-3 fusion_builder_column_1_1 1_1 fusion-flex-column\" style=\"--awb-bg-size:cover;--awb-width-large:100%;--awb-margin-top-large:0px;--awb-spacing-right-large:1.92%;--awb-margin-bottom-large:2%;--awb-spacing-left-large:1.92%;--awb-width-medium:100%;--awb-spacing-right-medium:1.92%;--awb-spacing-left-medium:1.92%;--awb-width-small:100%;--awb-spacing-right-small:1.92%;--awb-spacing-left-small:1.92%;\"><div class=\"fusion-column-wrapper fusion-flex-justify-content-flex-start fusion-content-layout-column\"><div class=\"fusion-content-boxes content-boxes columns row fusion-columns-4 fusion-columns-total-4 fusion-content-boxes-1 content-boxes-timeline-horizontal content-left content-boxes-icon-on-top content-boxes-timeline-layout fusion-delayed-animation\" style=\"--awb-iconcolor:#87314b;--awb-hover-accent-color:#ffffff;--awb-circle-hover-accent-color:#ffffff;\" data-animation-delay=\"350\" data-animationOffset=\"top-into-view\"><div style=\"--awb-backgroundcolor:rgba(255,255,255,0);--awb-iconcolor:#87314b;\" class=\"fusion-column content-box-column content-box-column content-box-column-1 col-lg-3 col-md-3 col-sm-3 fusion-content-box-hover content-box-column-first-in-row\"><div class=\"col content-box-wrapper content-wrapper link-area-box content-icon-wrapper-yes icon-wrapper-hover-animation-pulsate fusion-animated\" data-animationType=\"fadeIn\" data-animationDuration=\"0.25\" data-animationOffset=\"top-into-view\"><div class=\"heading heading-with-icon icon-left\"><div class=\"icon\" style=\"-webkit-animation-duration: 350ms;animation-duration: 350ms;\"><span style=\"height:72px;width:72px;line-height:36px;border-color:#ffffff;border-width:2px;border-style:solid;background-color:#ffffff;box-sizing:content-box;border-radius:50%;\"><i style=\"border-color:rgba(255,255,255,0);border-width:0px;background-color:#ffffff;box-sizing:content-box;height:72px;width:72px;line-height:72px;border-radius:50%;position:relative;top:auto;left:auto;margin:0;border-radius:50%;font-size:36px;\" aria-hidden=\"true\" class=\"fontawesome-icon fa-child fas circle-yes\"><\/i><\/span><\/div><h2 class=\"content-box-heading fusion-responsive-typography-calculated\" style=\"--h2_typography-font-size:24px;--fontSize:24;line-height:1.2;\">1956 r.<\/h2><\/div><div class=\"fusion-clearfix\"><\/div><div class=\"content-container\">\n<p>Pierwszy zjazd absolwent\u00f3w z\u00a0okazji 30-lecia Uczelni, zainicjowany przez prof.\u00a0Kazimierza Sow\u0119<\/p>\n<\/div><div class=\"content-box-shortcode-timeline\" style=\"border-color:#ffffff;top:38px;-webkit-transition-duration: 350ms;animation-duration: 350ms;\"><\/div><\/div><\/div><div style=\"--awb-backgroundcolor:rgba(255,255,255,0);--awb-iconcolor:#87314b;\" class=\"fusion-column content-box-column content-box-column content-box-column-2 col-lg-3 col-md-3 col-sm-3 fusion-content-box-hover \"><div class=\"col content-box-wrapper content-wrapper link-area-box content-icon-wrapper-yes icon-wrapper-hover-animation-pulsate fusion-animated\" data-animationType=\"fadeIn\" data-animationDuration=\"0.25\" data-animationOffset=\"top-into-view\"><div class=\"heading heading-with-icon icon-left\"><div class=\"icon\" style=\"-webkit-animation-duration: 350ms;animation-duration: 350ms;\"><span style=\"height:72px;width:72px;line-height:36px;border-color:#ffffff;border-width:2px;border-style:solid;background-color:#ffffff;box-sizing:content-box;border-radius:50%;\"><i style=\"border-color:rgba(255,255,255,0);border-width:0px;background-color:#ffffff;box-sizing:content-box;height:72px;width:72px;line-height:72px;border-radius:50%;position:relative;top:auto;left:auto;margin:0;border-radius:50%;font-size:36px;\" aria-hidden=\"true\" class=\"fontawesome-icon fa-users fas circle-yes\"><\/i><\/span><\/div><h2 class=\"content-box-heading fusion-responsive-typography-calculated\" style=\"--h2_typography-font-size:24px;--fontSize:24;line-height:1.2;\">1969 r.<\/h2><\/div><div class=\"fusion-clearfix\"><\/div><div class=\"content-container\">\n<p>Dzia\u0142ania na rzecz uzyskania osobowo\u015bci prawnej rozpocz\u0119te podczas zebrania cz\u0142onk\u00f3w Stowarzyszenia Absolwent\u00f3w WSE, kt\u00f3remu przewodniczy\u0142 Rektor &#8211; doc. dr hab. Antoni Fajferek.<\/p>\n<\/div><div class=\"content-box-shortcode-timeline\" style=\"border-color:#ffffff;top:38px;-webkit-transition-duration: 350ms;animation-duration: 350ms;\"><\/div><\/div><\/div><div style=\"--awb-backgroundcolor:rgba(255,255,255,0);--awb-iconcolor:#87314b;\" class=\"fusion-column content-box-column content-box-column content-box-column-3 col-lg-3 col-md-3 col-sm-3 fusion-content-box-hover \"><div class=\"col content-box-wrapper content-wrapper link-area-box content-icon-wrapper-yes icon-wrapper-hover-animation-pulsate fusion-animated\" data-animationType=\"fadeIn\" data-animationDuration=\"0.25\" data-animationOffset=\"top-into-view\"><div class=\"heading heading-with-icon icon-left\"><div class=\"icon\" style=\"-webkit-animation-duration: 350ms;animation-duration: 350ms;\"><span style=\"height:72px;width:72px;line-height:36px;border-color:#ffffff;border-width:2px;border-style:solid;background-color:#ffffff;box-sizing:content-box;border-radius:50%;\"><i style=\"border-color:rgba(255,255,255,0);border-width:0px;background-color:#ffffff;box-sizing:content-box;height:72px;width:72px;line-height:72px;border-radius:50%;position:relative;top:auto;left:auto;margin:0;border-radius:50%;font-size:36px;\" aria-hidden=\"true\" class=\"fontawesome-icon fa-book fas circle-yes\"><\/i><\/span><\/div><h2 class=\"content-box-heading fusion-responsive-typography-calculated\" style=\"--h2_typography-font-size:24px;--fontSize:24;line-height:1.2;\">1974 r.<\/h2><\/div><div class=\"fusion-clearfix\"><\/div><div class=\"content-container\">\n<p>Pierwszy statut Stowarzyszenia Absolwent\u00f3w opracowany przez prof. Zbigniewa \u017babi\u0144skiego<\/p>\n<\/div><div class=\"content-box-shortcode-timeline\" style=\"border-color:#ffffff;top:38px;-webkit-transition-duration: 350ms;animation-duration: 350ms;\"><\/div><\/div><\/div><div style=\"--awb-backgroundcolor:rgba(255,255,255,0);--awb-iconcolor:#87314b;\" class=\"fusion-column content-box-column content-box-column content-box-column-4 col-lg-3 col-md-3 col-sm-3 fusion-content-box-hover content-box-column-last content-box-column-last-in-row\"><div class=\"col content-box-wrapper content-wrapper link-area-box content-icon-wrapper-yes icon-wrapper-hover-animation-pulsate fusion-animated\" data-animationType=\"fadeIn\" data-animationDuration=\"0.25\" data-animationOffset=\"top-into-view\"><div class=\"heading heading-with-icon icon-left\"><div class=\"icon\" style=\"-webkit-animation-duration: 350ms;animation-duration: 350ms;\"><span style=\"height:72px;width:72px;line-height:36px;border-color:#ffffff;border-width:2px;border-style:solid;background-color:#ffffff;box-sizing:content-box;border-radius:50%;\"><i style=\"border-color:rgba(255,255,255,0);border-width:0px;background-color:#ffffff;box-sizing:content-box;height:72px;width:72px;line-height:72px;border-radius:50%;position:relative;top:auto;left:auto;margin:0;border-radius:50%;font-size:36px;\" aria-hidden=\"true\" class=\"fontawesome-icon fa-user-graduate fas circle-yes\"><\/i><\/span><\/div><h2 class=\"content-box-heading fusion-responsive-typography-calculated\" style=\"--h2_typography-font-size:24px;--fontSize:24;line-height:1.2;\">2020 r.<\/h2><\/div><div class=\"fusion-clearfix\"><\/div><div class=\"content-container\">\n<p>Jubileuszowy 50. Bal B\u0142\u0119kitny<br \/>\nw\u00a095.\u00a0letniej Alma Mater<\/p>\n<\/div><div class=\"content-box-shortcode-timeline\" style=\"border-color:#ffffff;top:38px;-webkit-transition-duration: 350ms;animation-duration: 350ms;\"><\/div><\/div><\/div><div class=\"fusion-clearfix\"><\/div><\/div><\/div><\/div><\/div><\/div><div class=\"fusion-fullwidth fullwidth-box fusion-builder-row-2 fusion-flex-container nonhundred-percent-fullwidth non-hundred-percent-height-scrolling\" style=\"--awb-border-radius-top-left:0px;--awb-border-radius-top-right:0px;--awb-border-radius-bottom-right:0px;--awb-border-radius-bottom-left:0px;--awb-padding-top:90px;--awb-padding-bottom:80px;--awb-background-color:#f7f7f7;--awb-flex-wrap:wrap;\" ><div class=\"fusion-builder-row fusion-row fusion-flex-align-items-flex-start fusion-flex-content-wrap\" style=\"max-width:1144px;margin-left: calc(-4% \/ 2 );margin-right: calc(-4% \/ 2 );\"><div class=\"fusion-layout-column fusion_builder_column fusion-builder-column-4 fusion_builder_column_1_1 1_1 fusion-flex-column\" style=\"--awb-bg-size:cover;--awb-width-large:100%;--awb-margin-top-large:2%;--awb-spacing-right-large:1.92%;--awb-margin-bottom-large:30px;--awb-spacing-left-large:1.92%;--awb-width-medium:100%;--awb-spacing-right-medium:1.92%;--awb-spacing-left-medium:1.92%;--awb-width-small:100%;--awb-spacing-right-small:1.92%;--awb-spacing-left-small:1.92%;\"><div class=\"fusion-column-wrapper fusion-flex-justify-content-flex-start fusion-content-layout-column\"><div class=\"fusion-separator\" style=\"align-self: center;margin-left: auto;margin-right: auto;margin-bottom:35px;width:100%;max-width:100px;\"><div class=\"fusion-separator-border sep-single sep-solid\" style=\"--awb-height:20px;--awb-amount:20px;--awb-sep-color:#6589c0;border-color:#6589c0;border-top-width:2px;\"><\/div><\/div><div class=\"fusion-text fusion-text-3\"><p style=\"font-size: 22px; line-height: 32px; font-weight: 300; text-align: center;\">21 stycznia 1956 r. na \u0142amach \u00f3wczesnego \u201eEcha Krakowa\u201d ukaza\u0142o si\u0119 og\u0142oszenie o pierwszym zje\u017adzie absolwent\u00f3w dawnej WSH, AH oraz WSE w ramach za\u0142o\u017conego Stowarzyszenia Wychowank\u00f3w Wy\u017cszej Szko\u0142y Ekonomicznej w Krakowie.<\/p>\n<\/div><div class=\"fusion-text fusion-text-4\"><p>Inicjatorem tego przedsi\u0119wzi\u0119cia by\u0142 <strong>prof. Kazimierz Sowa<\/strong>. Inicjatywa zjazdu zosta\u0142a bardzo \u017cywo przyj\u0119ta i poparta przez \u015brodowisko akademickie. Dopiero w 1969 r. inicjatywa ta doczeka\u0142a si\u0119 ostatecznego sfinalizowania. Podczas zebrania <strong>cz\u0142onk\u00f3w Stowarzyszenia Absolwent\u00f3w Wy\u017cszej Szko\u0142y Ekonomicznej w Krakowie<\/strong>, kt\u00f3remu przewodniczy\u0142 \u00f3wczesny <strong>Rektor WSE &#8211; doc.\u00a0dr\u00a0hab.\u00a0Antoni Fajferek<\/strong>, podj\u0119to dzia\u0142ania na rzecz uzyskania osobowo\u015bci prawnej. Zaowocowa\u0142y one <strong>pierwszy statutem Stowarzyszenia Absolwent\u00f3w<\/strong> opracowanym przez <strong>prof.\u00a0Zbigniewa \u017babi\u0144skiego w\u00a01974 roku<\/strong>.<\/p>\n<p><strong>W dniach 25 i 26 pa\u017adziernika 1969 r. w salach kina \u201eKij\u00f3w\u201d odby\u0142 si\u0119 I Zjazd Absolwent\u00f3w WSE w Krakowie<\/strong>, po\u0142\u0105czony z Walnym Zgromadzeniem Stowarzyszenia. Wed\u0142ug zachowanych dokument\u00f3w zjazd ten skupi\u0142 blisko 500 go\u015bci, w tym absolwent\u00f3w i sympatyk\u00f3w Uczelni. Ju\u017c w\u00f3wczas wprowadzono tzw. <strong>\u201eBale Ekonomist\u00f3w\u201d<\/strong>, a ich obecn\u0105 kontynuacj\u0105 s\u0105<strong> \u201eBale B\u0142\u0119kitne\u201d<\/strong>, \u0142\u0105cz\u0105ce tym samym \u015brodowisko naukowe z praktyk\u0105 gospodarcz\u0105.<\/p>\n<p>Dalszy rozw\u00f3j dzia\u0142alno\u015bci Stowarzyszenia wi\u0105za\u0142 si\u0119 z organizacjami powstaj\u0105cymi w Uczelni, jak na przyk\u0142ad Sp\u00f3\u0142dzielnia Student\u00f3w Wy\u017cszego Studium Handlowego, przekszta\u0142cona najpierw w Stowarzyszenie, a potem w Bratni\u0105 Pomoc Student\u00f3w Akademii Handlowej w Krakowie, czy Zwi\u0105zek Akademickiej M\u0142odzie\u017cy Polskiej. W ramach wsp\u00f3\u0142pracy z absolwentami, inicjowano tak\u017ce cykle spotka\u0144 z kole\u017cankami i kolegami z roku. Spotkania po latach zaowocowa\u0142y wci\u0105\u017c zwi\u0119kszaj\u0105c\u0105 si\u0119 liczb\u0105 ch\u0119tnych os\u00f3b do uczestnictwa w tych wydarzeniach.<\/p>\n<p>Dzi\u015b Stowarzyszenie cieszy si\u0119 du\u017cym zainteresowaniem, a inicjatywy podejmowane wsp\u00f3\u0142cze\u015bnie zar\u00f3wno o charakterze dydaktyczno-naukowym, jak i integruj\u0105cym \u015brodowisko (jak na przyk\u0142ad <strong>\u201eBale B\u0142\u0119kitne\u201d<\/strong>, wsp\u00f3lne <strong>wycieczki krajowe i zagraniczne<\/strong> i wiele innych) daj\u0105 szans\u0119 na dalszy rozw\u00f3j tej formy aktywno\u015bci absolwent\u00f3w, jak i os\u00f3b zwi\u0105zanych sercem z Nasz\u0105 Alma Mater.<\/p>\n<p align=\"justify\">Zapraszamy zatem wszystkich ch\u0119tnych do realizacji idei tworzenia wsp\u00f3lnoty Absolwent\u00f3w i sympatyk\u00f3w Uniwersytetu Ekonomicznego w Krakowie.<\/p>\n<\/div><\/div><\/div><\/div><\/div><div class=\"fusion-bg-parallax\" data-bg-align=\"center top\" data-direction=\"right\" data-mute=\"false\" data-opacity=\"100\" data-velocity=\"-0.3\" data-mobile-enabled=\"false\" data-break_parents=\"0\" data-bg-image=\"http:\/\/absolwenci-uek.pl\/wp-content\/uploads\/2019\/11\/bgr-history2.jpg\" data-bg-repeat=\"false\" ><\/div><div class=\"fusion-fullwidth fullwidth-box fusion-builder-row-3 fusion-flex-container fusion-parallax-right nonhundred-percent-fullwidth non-hundred-percent-height-scrolling\" style=\"--awb-background-position:center top;--awb-border-radius-top-left:0px;--awb-border-radius-top-right:0px;--awb-border-radius-bottom-right:0px;--awb-border-radius-bottom-left:0px;--awb-padding-top:70px;--awb-padding-bottom:30px;--awb-background-image:url(&quot;http:\/\/absolwenci-uek.pl\/wp-content\/uploads\/2019\/11\/bgr-history2.jpg&quot;);--awb-background-size:cover;--awb-flex-wrap:wrap;\" ><div class=\"fusion-builder-row fusion-row fusion-flex-align-items-flex-start fusion-flex-content-wrap\" style=\"max-width:calc( 1100px + 0px );margin-left: calc(-0px \/ 2 );margin-right: calc(-0px \/ 2 );\"><div class=\"fusion-layout-column fusion_builder_column fusion-builder-column-5 fusion_builder_column_1_6 1_6 fusion-flex-column fusion-no-small-visibility\" style=\"--awb-bg-size:cover;--awb-width-large:16.666666666667%;--awb-margin-top-large:0px;--awb-spacing-right-large:0px;--awb-margin-bottom-large:20px;--awb-spacing-left-large:0px;--awb-width-medium:16.666666666667%;--awb-spacing-right-medium:0px;--awb-spacing-left-medium:0px;--awb-width-small:100%;--awb-spacing-right-small:0px;--awb-spacing-left-small:0px;\"><div class=\"fusion-column-wrapper fusion-flex-justify-content-flex-start fusion-content-layout-column\"><\/div><\/div><div class=\"fusion-layout-column fusion_builder_column fusion-builder-column-6 fusion_builder_column_2_3 2_3 fusion-flex-column\" style=\"--awb-bg-size:cover;--awb-width-large:66.666666666667%;--awb-margin-top-large:7%;--awb-spacing-right-large:0px;--awb-margin-bottom-large:6%;--awb-spacing-left-large:0px;--awb-width-medium:66.666666666667%;--awb-spacing-right-medium:0px;--awb-spacing-left-medium:0px;--awb-width-small:100%;--awb-spacing-right-small:0px;--awb-spacing-left-small:0px;\"><div class=\"fusion-column-wrapper fusion-flex-justify-content-flex-start fusion-content-layout-column\"><div class=\"fusion-builder-row fusion-builder-row-inner fusion-row fusion-flex-align-items-flex-start fusion-flex-content-wrap\" style=\"--awb-flex-grow:0;--awb-flex-grow-medium:0;--awb-flex-grow-small:0;--awb-flex-shrink:0;--awb-flex-shrink-medium:0;--awb-flex-shrink-small:0;width:calc( 100% + 0px ) !important;max-width:calc( 100% + 0px ) !important;margin-left: calc(-0px \/ 2 );margin-right: calc(-0px \/ 2 );\"><div class=\"fusion-layout-column fusion_builder_column_inner fusion-builder-nested-column-0 fusion_builder_column_inner_1_5 1_5 fusion-flex-column\" style=\"--awb-bg-size:cover;--awb-width-large:20%;--awb-margin-top-large:0px;--awb-spacing-right-large:-13px;--awb-margin-bottom-large:10px;--awb-spacing-left-large:0px;--awb-width-medium:20%;--awb-spacing-right-medium:-13px;--awb-spacing-left-medium:0px;--awb-width-small:100%;--awb-spacing-right-small:0px;--awb-spacing-left-small:0px;\"><div class=\"fusion-column-wrapper fusion-flex-justify-content-flex-start fusion-content-layout-column\"><i class=\"fb-icon-element-1 fb-icon-element fontawesome-icon fa fa-quote-left circle-no fusion-text-flow\" style=\"--awb-circlecolor:rgba(255,255,255,0);--awb-font-size:42px;--awb-margin-right:21px;\"><\/i><\/div><\/div><div class=\"fusion-layout-column fusion_builder_column_inner fusion-builder-nested-column-1 fusion_builder_column_inner_4_5 4_5 fusion-flex-column\" style=\"--awb-bg-size:cover;--awb-width-large:80%;--awb-margin-top-large:0px;--awb-spacing-right-large:0px;--awb-margin-bottom-large:20px;--awb-spacing-left-large:-52px;--awb-width-medium:80%;--awb-spacing-right-medium:0px;--awb-spacing-left-medium:-52px;--awb-width-small:100%;--awb-spacing-right-small:0px;--awb-spacing-left-small:0px;\"><div class=\"fusion-column-wrapper fusion-flex-justify-content-flex-start fusion-content-layout-column\"><div class=\"fusion-text fusion-text-5\"><h3><span style=\"color: #ffffff;\">Do\u0142\u0105cz do nas! Pisz razem z nami kolejne karty historii Stowarzyszenia.<\/span><\/h3>\n<\/div><div class=\"fusion-text fusion-text-6\"><p><span style=\"color: #ffffff; font-size: 18px;\"><strong>Dr Jolanta Juza<\/strong><\/span><br \/>\n<span style=\"color: #ffffff;\"> <em>Prezes<\/em><\/span><\/p>\n<\/div><\/div><\/div><\/div><\/div><\/div><div class=\"fusion-layout-column fusion_builder_column fusion-builder-column-7 fusion_builder_column_1_6 1_6 fusion-flex-column fusion-no-small-visibility\" style=\"--awb-bg-size:cover;--awb-width-large:16.666666666667%;--awb-margin-top-large:0px;--awb-spacing-right-large:0px;--awb-margin-bottom-large:20px;--awb-spacing-left-large:0px;--awb-width-medium:16.666666666667%;--awb-spacing-right-medium:0px;--awb-spacing-left-medium:0px;--awb-width-small:100%;--awb-spacing-right-small:0px;--awb-spacing-left-small:0px;\"><div class=\"fusion-column-wrapper fusion-flex-justify-content-flex-start fusion-content-layout-column\"><\/div><\/div><\/div><\/div><\/p>\n","protected":false},"excerpt":{"rendered":"","protected":false},"author":4,"featured_media":0,"parent":0,"menu_order":0,"comment_status":"closed","ping_status":"closed","template":"100-width.php","meta":{"footnotes":""},"class_list":["post-1314","page","type-page","status-publish","hentry"],"_links":{"self":[{"href":"https:\/\/absolwent.uek.krakow.pl\/index.php?rest_route=\/wp\/v2\/pages\/1314","targetHints":{"allow":["GET"]}}],"collection":[{"href":"https:\/\/absolwent.uek.krakow.pl\/index.php?rest_route=\/wp\/v2\/pages"}],"about":[{"href":"https:\/\/absolwent.uek.krakow.pl\/index.php?rest_route=\/wp\/v2\/types\/page"}],"author":[{"embeddable":true,"href":"https:\/\/absolwent.uek.krakow.pl\/index.php?rest_route=\/wp\/v2\/users\/4"}],"replies":[{"embeddable":true,"href":"https:\/\/absolwent.uek.krakow.pl\/index.php?rest_route=%2Fwp%2Fv2%2Fcomments&post=1314"}],"version-history":[{"count":17,"href":"https:\/\/absolwent.uek.krakow.pl\/index.php?rest_route=\/wp\/v2\/pages\/1314\/revisions"}],"predecessor-version":[{"id":1601,"href":"https:\/\/absolwent.uek.krakow.pl\/index.php?rest_route=\/wp\/v2\/pages\/1314\/revisions\/1601"}],"wp:attachment":[{"href":"https:\/\/absolwent.uek.krakow.pl\/index.php?rest_route=%2Fwp%2Fv2%2Fmedia&parent=1314"}],"curies":[{"name":"wp","href":"https:\/\/api.w.org\/{rel}","templated":true}]}}