{"id":1320,"date":"2019-11-07T02:11:00","date_gmt":"2019-11-07T01:11:00","guid":{"rendered":"http:\/\/absolwenci-uek.pl\/?page_id=1320"},"modified":"2021-10-25T14:48:55","modified_gmt":"2021-10-25T12:48:55","slug":"cele","status":"publish","type":"page","link":"https:\/\/absolwent.uek.krakow.pl\/?page_id=1320","title":{"rendered":"Nasza misja"},"content":{"rendered":"<p><div class=\"fusion-fullwidth fullwidth-box fusion-builder-row-1 fusion-flex-container fusion-parallax-none nonhundred-percent-fullwidth non-hundred-percent-height-scrolling\" style=\"--awb-background-position:left top;--awb-border-radius-top-left:0px;--awb-border-radius-top-right:0px;--awb-border-radius-bottom-right:0px;--awb-border-radius-bottom-left:0px;--awb-padding-top:90px;--awb-margin-bottom:0px;--awb-background-color:#ffffff;--awb-background-image:url(&quot;https:\/\/absolwent.uek.krakow.pl\/wp-content\/uploads\/2020\/02\/bgr-bordo-light.jpg&quot;);--awb-background-size:cover;--awb-flex-wrap:wrap;\" ><div class=\"fusion-builder-row fusion-row fusion-flex-align-items-flex-start fusion-flex-content-wrap\" style=\"max-width:1144px;margin-left: calc(-4% \/ 2 );margin-right: calc(-4% \/ 2 );\"><div class=\"fusion-layout-column fusion_builder_column fusion-builder-column-0 fusion_builder_column_1_6 1_6 fusion-flex-column fusion-no-small-visibility\" style=\"--awb-bg-size:cover;--awb-width-large:16.666666666667%;--awb-margin-top-large:0px;--awb-spacing-right-large:11.52%;--awb-margin-bottom-large:20px;--awb-spacing-left-large:11.52%;--awb-width-medium:16.666666666667%;--awb-spacing-right-medium:11.52%;--awb-spacing-left-medium:11.52%;--awb-width-small:100%;--awb-spacing-right-small:1.92%;--awb-spacing-left-small:1.92%;\"><div class=\"fusion-column-wrapper fusion-flex-justify-content-flex-start fusion-content-layout-column\"><\/div><\/div><div class=\"fusion-layout-column fusion_builder_column fusion-builder-column-1 fusion_builder_column_2_3 2_3 fusion-flex-column\" style=\"--awb-bg-size:cover;--awb-width-large:66.666666666667%;--awb-margin-top-large:2%;--awb-spacing-right-large:2.88%;--awb-margin-bottom-large:2%;--awb-spacing-left-large:2.88%;--awb-width-medium:66.666666666667%;--awb-spacing-right-medium:2.88%;--awb-spacing-left-medium:2.88%;--awb-width-small:100%;--awb-spacing-right-small:1.92%;--awb-spacing-left-small:1.92%;\"><div class=\"fusion-column-wrapper fusion-flex-justify-content-flex-start fusion-content-layout-column\"><div class=\"fusion-image-element \" style=\"text-align:center;--awb-caption-title-font-family:var(--h2_typography-font-family);--awb-caption-title-font-weight:var(--h2_typography-font-weight);--awb-caption-title-font-style:var(--h2_typography-font-style);--awb-caption-title-size:var(--h2_typography-font-size);--awb-caption-title-transform:var(--h2_typography-text-transform);--awb-caption-title-line-height:var(--h2_typography-line-height);--awb-caption-title-letter-spacing:var(--h2_typography-letter-spacing);\"><span class=\" fusion-imageframe imageframe-none imageframe-1 hover-type-none\"><img decoding=\"async\" width=\"300\" height=\"195\" title=\"Stowarzyszenie-Absolwentow-logo_nowe-ludziki\" src=\"https:\/\/absolwent.uek.krakow.pl\/wp-content\/uploads\/2021\/10\/Stowarzyszenie-Absolwentow-logo_nowe-ludziki.png\" alt class=\"img-responsive wp-image-1633\" srcset=\"https:\/\/absolwent.uek.krakow.pl\/wp-content\/uploads\/2021\/10\/Stowarzyszenie-Absolwentow-logo_nowe-ludziki-200x130.png 200w, https:\/\/absolwent.uek.krakow.pl\/wp-content\/uploads\/2021\/10\/Stowarzyszenie-Absolwentow-logo_nowe-ludziki.png 300w\" sizes=\"(max-width: 1024px) 100vw, 300px\" \/><\/span><\/div><div class=\"fusion-text fusion-text-1\"><h2 style=\"text-align: center;\"><span style=\"color: #87314b;\">Nasz\u0105 misj\u0105<\/span> jest integracja Absolwent\u00f3w i\u00a0Sympatyk\u00f3w naszej Uczelni<\/h2>\n<\/div><div class=\"fusion-separator\" style=\"align-self: center;margin-left: auto;margin-right: auto;margin-bottom:10px;width:100%;max-width:100px;\"><div class=\"fusion-separator-border sep-single sep-solid\" style=\"--awb-height:20px;--awb-amount:20px;--awb-sep-color:#87314b;border-color:#87314b;border-top-width:2px;\"><\/div><\/div><\/div><\/div><div class=\"fusion-layout-column fusion_builder_column fusion-builder-column-2 fusion_builder_column_1_6 1_6 fusion-flex-column fusion-no-small-visibility\" style=\"--awb-bg-size:cover;--awb-width-large:16.666666666667%;--awb-margin-top-large:0px;--awb-spacing-right-large:11.52%;--awb-margin-bottom-large:20px;--awb-spacing-left-large:11.52%;--awb-width-medium:16.666666666667%;--awb-spacing-right-medium:11.52%;--awb-spacing-left-medium:11.52%;--awb-width-small:100%;--awb-spacing-right-small:1.92%;--awb-spacing-left-small:1.92%;\"><div class=\"fusion-column-wrapper fusion-flex-justify-content-flex-start fusion-content-layout-column\"><\/div><\/div><\/div><\/div><div class=\"fusion-fullwidth fullwidth-box fusion-builder-row-2 fusion-flex-container nonhundred-percent-fullwidth non-hundred-percent-height-scrolling\" style=\"--awb-border-radius-top-left:0px;--awb-border-radius-top-right:0px;--awb-border-radius-bottom-right:0px;--awb-border-radius-bottom-left:0px;--awb-padding-top:60px;--awb-padding-bottom:60px;--awb-margin-top:0%;--awb-margin-bottom:0%;--awb-background-color:#ffffff;--awb-flex-wrap:wrap;\" ><div class=\"fusion-builder-row fusion-row fusion-flex-align-items-flex-start fusion-flex-content-wrap\" style=\"max-width:1144px;margin-left: calc(-4% \/ 2 );margin-right: calc(-4% \/ 2 );\"><div class=\"fusion-layout-column fusion_builder_column fusion-builder-column-3 fusion_builder_column_1_2 1_2 fusion-flex-column\" style=\"--awb-padding-right:3%;--awb-padding-left:3%;--awb-bg-size:cover;--awb-width-large:50%;--awb-margin-top-large:20px;--awb-spacing-right-large:3.84%;--awb-margin-bottom-large:0px;--awb-spacing-left-large:3.84%;--awb-width-medium:50%;--awb-spacing-right-medium:3.84%;--awb-spacing-left-medium:3.84%;--awb-width-small:100%;--awb-spacing-right-small:1.92%;--awb-spacing-left-small:1.92%;\"><div class=\"fusion-column-wrapper fusion-flex-justify-content-flex-start fusion-content-layout-column\"><div class=\"fusion-text fusion-text-2\"><p align=\"justify\">G\u0142\u00f3wn\u0105<strong> ide\u0105 Stowarzyszenia jest organizacja i\u00a0wsp\u00f3\u0142organizacja przedsi\u0119wzi\u0119\u0107 integruj\u0105cych \u015brodowisko absolwent\u00f3w Uniwersytetu<\/strong> o\u00a0charakterze edukacyjnym oraz towarzyskim.<\/p>\n<p align=\"justify\">W\u015br\u00f3d cel\u00f3w Stowarzyszenia wyr\u00f3\u017cnia si\u0119:<\/p>\n<ul>\n<li><strong>utrzymanie wzajemnej \u0142\u0105czno\u015bci<\/strong> z\u00a0Uniwersytetem Ekonomicznym w\u00a0Krakowie oraz pomi\u0119dzy cz\u0142onkami stowarzyszenia,<\/li>\n<li><strong>wsp\u00f3\u0142dzia\u0142anie z Uczelni\u0105<\/strong> w ugruntowywaniu pozycji ekonomisty w\u00a0\u017cyciu spo\u0142eczno-gospodarczym i w obronie zawodu ekonomisty,<\/li>\n<li><strong>utrzymywanie \u0142\u0105czno\u015bci nauki z\u00a0praktyk\u0105<\/strong> w\u00a0zakresie \u017cycia spo\u0142eczno-gospodarczego,<\/li>\n<li><strong>inicjowanie wsp\u00f3\u0142pracy naukowej<\/strong> cz\u0142onk\u00f3w z\u00a0Uniwersytetem Ekonomicznym w\u00a0Krakowie,<\/li>\n<li><strong>organizowanie wsp\u00f3\u0142\u017cycia kulturalno-towarzyskiego<\/strong> wszystkich absolwent\u00f3w b.\u00a0Wy\u017cszego Studium Handlowego w\u00a0Krakowie, b.\u00a0Akademii Handlowej w Krakowie, b.\u00a0Wy\u017cszej Szko\u0142y Ekonomicznej w\u00a0Krakowie, b.\u00a0Akademii Ekonomicznej w\u00a0Krakowie i\u00a0Uniwersytetu Ekonomicznego w\u00a0Krakowie.<\/li>\n<\/ul>\n<\/div><\/div><\/div><div class=\"fusion-layout-column fusion_builder_column fusion-builder-column-4 fusion_builder_column_1_2 1_2 fusion-flex-column\" style=\"--awb-bg-size:cover;--awb-width-large:50%;--awb-margin-top-large:10px;--awb-spacing-right-large:3.84%;--awb-margin-bottom-large:0px;--awb-spacing-left-large:3.84%;--awb-width-medium:50%;--awb-spacing-right-medium:3.84%;--awb-spacing-left-medium:3.84%;--awb-width-small:100%;--awb-spacing-right-small:1.92%;--awb-spacing-left-small:1.92%;\"><div class=\"fusion-column-wrapper fusion-flex-justify-content-flex-start fusion-content-layout-column\"><div class=\"fusion-image-element \" style=\"--awb-caption-title-font-family:var(--h2_typography-font-family);--awb-caption-title-font-weight:var(--h2_typography-font-weight);--awb-caption-title-font-style:var(--h2_typography-font-style);--awb-caption-title-size:var(--h2_typography-font-size);--awb-caption-title-transform:var(--h2_typography-text-transform);--awb-caption-title-line-height:var(--h2_typography-line-height);--awb-caption-title-letter-spacing:var(--h2_typography-letter-spacing);\"><span class=\" fusion-imageframe imageframe-none imageframe-2 hover-type-none\"><a class=\"fusion-no-lightbox\" href=\"https:\/\/bit.ly\/2l3jd8A\" target=\"_blank\" aria-label=\"o-nas-men\" rel=\"noopener noreferrer\"><img decoding=\"async\" width=\"680\" height=\"907\" src=\"http:\/\/absolwenci-uek.pl\/wp-content\/uploads\/2019\/11\/o-nas-men.jpg\" alt class=\"img-responsive wp-image-1310\" srcset=\"https:\/\/absolwent.uek.krakow.pl\/wp-content\/uploads\/2019\/11\/o-nas-men-200x267.jpg 200w, https:\/\/absolwent.uek.krakow.pl\/wp-content\/uploads\/2019\/11\/o-nas-men-400x534.jpg 400w, https:\/\/absolwent.uek.krakow.pl\/wp-content\/uploads\/2019\/11\/o-nas-men-600x800.jpg 600w, https:\/\/absolwent.uek.krakow.pl\/wp-content\/uploads\/2019\/11\/o-nas-men.jpg 680w\" sizes=\"(max-width: 1024px) 100vw, 600px\" \/><\/a><\/span><\/div><\/div><\/div><\/div><\/div><\/p>\n","protected":false},"excerpt":{"rendered":"","protected":false},"author":4,"featured_media":0,"parent":0,"menu_order":0,"comment_status":"closed","ping_status":"closed","template":"100-width.php","meta":{"footnotes":""},"class_list":["post-1320","page","type-page","status-publish","hentry"],"_links":{"self":[{"href":"https:\/\/absolwent.uek.krakow.pl\/index.php?rest_route=\/wp\/v2\/pages\/1320","targetHints":{"allow":["GET"]}}],"collection":[{"href":"https:\/\/absolwent.uek.krakow.pl\/index.php?rest_route=\/wp\/v2\/pages"}],"about":[{"href":"https:\/\/absolwent.uek.krakow.pl\/index.php?rest_route=\/wp\/v2\/types\/page"}],"author":[{"embeddable":true,"href":"https:\/\/absolwent.uek.krakow.pl\/index.php?rest_route=\/wp\/v2\/users\/4"}],"replies":[{"embeddable":true,"href":"https:\/\/absolwent.uek.krakow.pl\/index.php?rest_route=%2Fwp%2Fv2%2Fcomments&post=1320"}],"version-history":[{"count":18,"href":"https:\/\/absolwent.uek.krakow.pl\/index.php?rest_route=\/wp\/v2\/pages\/1320\/revisions"}],"predecessor-version":[{"id":1635,"href":"https:\/\/absolwent.uek.krakow.pl\/index.php?rest_route=\/wp\/v2\/pages\/1320\/revisions\/1635"}],"wp:attachment":[{"href":"https:\/\/absolwent.uek.krakow.pl\/index.php?rest_route=%2Fwp%2Fv2%2Fmedia&parent=1320"}],"curies":[{"name":"wp","href":"https:\/\/api.w.org\/{rel}","templated":true}]}}