{"id":1490,"date":"2020-02-10T22:16:23","date_gmt":"2020-02-10T21:16:23","guid":{"rendered":"https:\/\/absolwent.uek.krakow.pl\/?page_id=1490"},"modified":"2026-02-12T10:54:31","modified_gmt":"2026-02-12T09:54:31","slug":"oplaty-czlonkowskie","status":"publish","type":"page","link":"https:\/\/absolwent.uek.krakow.pl\/?page_id=1490","title":{"rendered":"Op\u0142aty cz\u0142onkowskie"},"content":{"rendered":"<div class=\"fusion-fullwidth fullwidth-box fusion-builder-row-1 fusion-flex-container fusion-parallax-none nonhundred-percent-fullwidth non-hundred-percent-height-scrolling\" style=\"--awb-background-position:left top;--awb-border-radius-top-left:0px;--awb-border-radius-top-right:0px;--awb-border-radius-bottom-right:0px;--awb-border-radius-bottom-left:0px;--awb-padding-top:60px;--awb-padding-bottom:60px;--awb-margin-top:0%;--awb-margin-bottom:0%;--awb-background-image:url(&quot;https:\/\/absolwent.uek.krakow.pl\/wp-content\/uploads\/2020\/02\/bgr-bordo-super-light.jpg&quot;);--awb-background-size:cover;--awb-flex-wrap:wrap;\" ><div class=\"fusion-builder-row fusion-row fusion-flex-align-items-flex-start fusion-flex-content-wrap\" style=\"max-width:1144px;margin-left: calc(-4% \/ 2 );margin-right: calc(-4% \/ 2 );\"><div class=\"fusion-layout-column fusion_builder_column fusion-builder-column-0 fusion_builder_column_1_1 1_1 fusion-flex-column\" style=\"--awb-bg-size:cover;--awb-width-large:100%;--awb-margin-top-large:0px;--awb-spacing-right-large:1.92%;--awb-margin-bottom-large:20px;--awb-spacing-left-large:1.92%;--awb-width-medium:100%;--awb-spacing-right-medium:1.92%;--awb-spacing-left-medium:1.92%;--awb-width-small:100%;--awb-spacing-right-small:1.92%;--awb-spacing-left-small:1.92%;\"><div class=\"fusion-column-wrapper fusion-column-has-shadow fusion-flex-justify-content-flex-start fusion-content-layout-column\"><div class=\"fusion-text fusion-text-1\"><h2 style=\"text-align: center;\"><strong>Informacja o\u00a0op\u0142atach cz\u0142onkowskich<\/strong><\/h2>\n<\/div><div class=\"fusion-separator fusion-full-width-sep\" style=\"align-self: center;margin-left: auto;margin-right: auto;width:100%;\"><div class=\"fusion-separator-border sep-single sep-solid\" style=\"--awb-height:20px;--awb-amount:20px;--awb-sep-color:#ff9800;border-color:#ff9800;border-top-width:1px;\"><\/div><\/div><\/div><\/div><div class=\"fusion-layout-column fusion_builder_column fusion-builder-column-1 fusion_builder_column_1_6 1_6 fusion-flex-column fusion-column-inner-bg-wrapper\" style=\"--awb-inner-bg-size:cover;--awb-width-large:16.666666666667%;--awb-margin-top-large:0px;--awb-spacing-right-large:11.52%;--awb-margin-bottom-large:20px;--awb-spacing-left-large:11.52%;--awb-width-medium:16.666666666667%;--awb-spacing-right-medium:11.52%;--awb-spacing-left-medium:11.52%;--awb-width-small:100%;--awb-spacing-right-small:1.92%;--awb-spacing-left-small:1.92%;\"><span class=\"fusion-column-inner-bg hover-type-none\"><a class=\"fusion-column-anchor\" href=\"https:\/\/absolwent.uek.krakow.pl\/wp-content\/uploads\/2020\/02\/DEKLARACJIA-CZ\u0141ONK_STOW_ABSOL-UEK_2020.docx\" rel=\"noopener noreferrer\" target=\"_blank\"><span class=\"fusion-column-inner-bg-image\"><\/span><\/a><\/span><div class=\"fusion-column-wrapper fusion-column-has-shadow fusion-flex-justify-content-flex-start fusion-content-layout-column\"><\/div><\/div><div class=\"fusion-layout-column fusion_builder_column fusion-builder-column-2 fusion_builder_column_2_3 2_3 fusion-flex-column fusion-column-inner-bg-wrapper\" style=\"--awb-inner-bg-size:cover;--awb-width-large:66.666666666667%;--awb-margin-top-large:0px;--awb-spacing-right-large:2.88%;--awb-margin-bottom-large:20px;--awb-spacing-left-large:2.88%;--awb-width-medium:66.666666666667%;--awb-spacing-right-medium:2.88%;--awb-spacing-left-medium:2.88%;--awb-width-small:100%;--awb-spacing-right-small:1.92%;--awb-spacing-left-small:1.92%;\"><span class=\"fusion-column-inner-bg hover-type-none\"><a class=\"fusion-column-anchor\" href=\"https:\/\/absolwent.uek.krakow.pl\/wp-content\/uploads\/2020\/02\/DEKLARACJIA-CZ\u0141ONK_STOW_ABSOL-UEK_2020.pdf\" rel=\"noopener noreferrer\" target=\"_blank\"><span class=\"fusion-column-inner-bg-image\"><\/span><\/a><\/span><div class=\"fusion-column-wrapper fusion-column-has-shadow fusion-flex-justify-content-flex-start fusion-content-layout-column\"><div class=\"fusion-text fusion-text-2\"><blockquote>\n<p>Cz\u0142onkowie\u00a0 Stowarzyszenia\u00a0 zobowi\u0105zani\u00a0\u00a0 s\u0105 op\u0142aca\u0107\u00a0\u00a0 coroczne\u00a0 sk\u0142adki\u00a0 cz\u0142onkowskie w wysoko\u015bci ustalonej\u00a0 przez\u00a0 Zarz\u0105d. Ponadto wst\u0119puj\u0105c\u00a0 w\u00a0 szeregi\u00a0\u00a0 Cz\u0142onka\u00a0 Stowarzyszenia Absolwent\u00f3w winni\u00a0 wnie\u015b\u0107\u00a0 wpisowe.<\/p>\n<\/blockquote>\n<p>Decyzj\u0105\u00a0 Zarz\u0105du\u00a0 Stowarzyszenia\u00a0 Absolwent\u00f3w (<em>Uchwa\u0142a Zarz Stowarz Abs nr 13\/10\/2023 z dn. 17.10.2023<\/em>), wynosz\u0105:<\/p>\n<ol>\n<li>wpisowe \u2013 <strong>30\u00a0 z\u0142<\/strong><\/li>\n<li>sk\u0142adka cz\u0142onkowska w skali roku \u2013 <strong>50 z\u0142<\/strong>.<\/li>\n<\/ol>\n<h4>Nr\u00a0 konta\u00a0 Stowarzyszenia:<\/h4>\n<h3>73 2490 0005\u00a0 0000 4530 1336 6629<br \/>\nAlior\u00a0 Bank<\/h3>\n<p>B\u0119d\u0105c cz\u0142onkiem Stowarzyszenia Absolwent\u00f3w korzystasz ze\u00a0zni\u017cek w\u00a0wyjazdach organizowanych przez\u00a0Stowarzyszenia.<\/p>\n<\/div><\/div><\/div><div class=\"fusion-layout-column fusion_builder_column fusion-builder-column-3 fusion_builder_column_1_6 1_6 fusion-flex-column fusion-column-inner-bg-wrapper\" style=\"--awb-inner-bg-size:cover;--awb-width-large:16.666666666667%;--awb-margin-top-large:0px;--awb-spacing-right-large:11.52%;--awb-margin-bottom-large:20px;--awb-spacing-left-large:11.52%;--awb-width-medium:16.666666666667%;--awb-spacing-right-medium:11.52%;--awb-spacing-left-medium:11.52%;--awb-width-small:100%;--awb-spacing-right-small:1.92%;--awb-spacing-left-small:1.92%;\"><span class=\"fusion-column-inner-bg hover-type-none\"><a class=\"fusion-column-anchor\" href=\"https:\/\/absolwent.uek.krakow.pl\/wp-content\/uploads\/2020\/02\/DEKLARACJIA-CZ\u0141ONK_STOW_ABSOL-UEK_2020.docx\" rel=\"noopener noreferrer\" target=\"_blank\"><span class=\"fusion-column-inner-bg-image\"><\/span><\/a><\/span><div class=\"fusion-column-wrapper fusion-column-has-shadow fusion-flex-justify-content-flex-start fusion-content-layout-column\"><\/div><\/div><\/div><\/div>\n","protected":false},"excerpt":{"rendered":"","protected":false},"author":4,"featured_media":0,"parent":0,"menu_order":0,"comment_status":"closed","ping_status":"closed","template":"100-width.php","meta":{"footnotes":""},"class_list":["post-1490","page","type-page","status-publish","hentry"],"_links":{"self":[{"href":"https:\/\/absolwent.uek.krakow.pl\/index.php?rest_route=\/wp\/v2\/pages\/1490","targetHints":{"allow":["GET"]}}],"collection":[{"href":"https:\/\/absolwent.uek.krakow.pl\/index.php?rest_route=\/wp\/v2\/pages"}],"about":[{"href":"https:\/\/absolwent.uek.krakow.pl\/index.php?rest_route=\/wp\/v2\/types\/page"}],"author":[{"embeddable":true,"href":"https:\/\/absolwent.uek.krakow.pl\/index.php?rest_route=\/wp\/v2\/users\/4"}],"replies":[{"embeddable":true,"href":"https:\/\/absolwent.uek.krakow.pl\/index.php?rest_route=%2Fwp%2Fv2%2Fcomments&post=1490"}],"version-history":[{"count":13,"href":"https:\/\/absolwent.uek.krakow.pl\/index.php?rest_route=\/wp\/v2\/pages\/1490\/revisions"}],"predecessor-version":[{"id":2183,"href":"https:\/\/absolwent.uek.krakow.pl\/index.php?rest_route=\/wp\/v2\/pages\/1490\/revisions\/2183"}],"wp:attachment":[{"href":"https:\/\/absolwent.uek.krakow.pl\/index.php?rest_route=%2Fwp%2Fv2%2Fmedia&parent=1490"}],"curies":[{"name":"wp","href":"https:\/\/api.w.org\/{rel}","templated":true}]}}