{"id":1873,"date":"2024-10-15T12:03:31","date_gmt":"2024-10-15T10:03:31","guid":{"rendered":"https:\/\/absolwent.uek.krakow.pl\/?page_id=1873"},"modified":"2024-10-16T13:23:51","modified_gmt":"2024-10-16T11:23:51","slug":"regulamin-blekitny-laur","status":"publish","type":"page","link":"https:\/\/absolwent.uek.krakow.pl\/?page_id=1873","title":{"rendered":"Regulamin \u2013 B\u0142\u0119kitny Laur"},"content":{"rendered":"<div class=\"fusion-fullwidth fullwidth-box fusion-builder-row-1 fusion-flex-container has-pattern-background has-mask-background fusion-parallax-none nonhundred-percent-fullwidth non-hundred-percent-height-scrolling\" style=\"--awb-background-position:left top;--awb-border-radius-top-left:0px;--awb-border-radius-top-right:0px;--awb-border-radius-bottom-right:0px;--awb-border-radius-bottom-left:0px;--awb-padding-top:0px;--awb-padding-bottom:60px;--awb-margin-top:0%;--awb-margin-bottom:0%;--awb-background-image:url(&quot;https:\/\/absolwent.uek.krakow.pl\/wp-content\/uploads\/2020\/02\/bgr-bordo-light.jpg&quot;);--awb-background-size:cover;--awb-flex-wrap:wrap;\" ><div class=\"fusion-builder-row fusion-row fusion-flex-align-items-flex-start fusion-flex-content-wrap\" style=\"max-width:1144px;margin-left: calc(-4% \/ 2 );margin-right: calc(-4% \/ 2 );\"><div class=\"fusion-layout-column fusion_builder_column fusion-builder-column-0 fusion_builder_column_1_1 1_1 fusion-flex-column\" style=\"--awb-padding-top:0px;--awb-bg-size:cover;--awb-width-large:100%;--awb-margin-top-large:0px;--awb-spacing-right-large:1.92%;--awb-margin-bottom-large:20px;--awb-spacing-left-large:1.92%;--awb-width-medium:100%;--awb-order-medium:0;--awb-spacing-right-medium:1.92%;--awb-spacing-left-medium:1.92%;--awb-width-small:100%;--awb-order-small:0;--awb-spacing-right-small:1.92%;--awb-spacing-left-small:1.92%;\" data-scroll-devices=\"small-visibility,medium-visibility,large-visibility\"><div class=\"fusion-column-wrapper fusion-column-has-shadow fusion-flex-justify-content-flex-start fusion-content-layout-column\"><div class=\"fusion-image-element \" style=\"text-align:center;--awb-max-width:300px;--awb-caption-title-font-family:var(--h2_typography-font-family);--awb-caption-title-font-weight:var(--h2_typography-font-weight);--awb-caption-title-font-style:var(--h2_typography-font-style);--awb-caption-title-size:var(--h2_typography-font-size);--awb-caption-title-transform:var(--h2_typography-text-transform);--awb-caption-title-line-height:var(--h2_typography-line-height);--awb-caption-title-letter-spacing:var(--h2_typography-letter-spacing);\"><span class=\" fusion-imageframe imageframe-none imageframe-1 hover-type-none\"><img decoding=\"async\" width=\"600\" height=\"480\" title=\"top-laur\" src=\"https:\/\/absolwent.uek.krakow.pl\/wp-content\/uploads\/2024\/10\/top-laur.png\" alt class=\"img-responsive wp-image-1880\" srcset=\"https:\/\/absolwent.uek.krakow.pl\/wp-content\/uploads\/2024\/10\/top-laur-200x160.png 200w, https:\/\/absolwent.uek.krakow.pl\/wp-content\/uploads\/2024\/10\/top-laur-400x320.png 400w, https:\/\/absolwent.uek.krakow.pl\/wp-content\/uploads\/2024\/10\/top-laur.png 600w\" sizes=\"(max-width: 1024px) 100vw, 600px\" \/><\/span><\/div><div class=\"fusion-text fusion-text-1\" style=\"--awb-font-size:2rem;--awb-letter-spacing:2px;--awb-margin-top:30px;\"><p style=\"text-align: center;\">REGULAMIN PRZYZNAWANIA WYR\u00d3\u017bNIENIA<strong><br \/><\/strong><\/p>\n<\/div><div class=\"fusion-text fusion-text-2\" style=\"--awb-font-size:5rem;--awb-line-height:1;--awb-letter-spacing:3px;--awb-text-transform:uppercase;--awb-text-color:#003e82;--awb-margin-top:0px;--awb-text-font-family:&quot;Bodoni Moda&quot;;--awb-text-font-style:normal;--awb-text-font-weight:700;\"><p style=\"text-align: center;\">B\u0142\u0119kitny Laur<\/p>\n<\/div><div class=\"fusion-separator fusion-full-width-sep\" style=\"align-self: center;margin-left: auto;margin-right: auto;margin-top:25px;margin-bottom:25px;width:100%;\"><\/div><div class=\"fusion-text fusion-text-3\"><ol>\n<li style=\"margin-bottom: 25px;\">\u201eB\u0142\u0119kitny Laur\u201d jest wyr\u00f3\u017cnieniem przyznawanym przez Zarz\u0105d Stowarzyszenia Absolwent\u00f3w Uniwersytetu Ekonomicznego w Krakowie (SA UEK) za dzia\u0142ania na rzecz rozwoju Stowarzyszenia Absolwent\u00f3w UEK i\/lub zaanga\u017cowanie maj\u0105ce na celu rozw\u00f3j Uniwersytetu, budowanie jego presti\u017cu w \u015brodowisku naukowym oraz w sferze spo\u0142eczno-gospodarczej.<\/li>\n<li style=\"margin-bottom: 25px;\">Wyr\u00f3\u017cnienie \u201eB\u0142\u0119kitny Laur\u201d mo\u017ce by\u0107 przyznane danej osobie tylko raz.<\/li>\n<li style=\"margin-bottom: 25px;\">Prawo zg\u0142aszania kandydat\u00f3w do wyr\u00f3\u017cnienia \u201eB\u0142\u0119kitny Laur\u201d przys\u0142uguje:<br \/>\nCz\u0142onkom Zarz\u0105du Stowarzyszenia Absolwent\u00f3w UEK,<br \/>\nRektorowi UEK.<\/li>\n<li style=\"margin-bottom: 25px;\">Zg\u0142oszenia kandydat\u00f3w do wyr\u00f3\u017cnienia \u201eB\u0142\u0119kitny Laur\u201d nale\u017cy dokona\u0107 w terminie do 15 grudnia, roku za kt\u00f3ry jest przyznawane, w jeden z poni\u017cszych sposob\u00f3w:\n<ul>\n<li>przesy\u0142aj\u0105c drog\u0105 mailow\u0105 na adres SA UEK,<\/li>\n<li>sk\u0142adaj\u0105c pisemnie do prezesa SA UEK,<\/li>\n<li>przedk\u0142adaj\u0105c pisemnie podczas posiedzenia Zarz\u0105du SA UEK.<\/li>\n<\/ul>\n<\/li>\n<li style=\"margin-bottom: 25px;\">Zg\u0142aszaj\u0105c kandydata do wyr\u00f3\u017cnienia \u201eB\u0142\u0119kitny Laur\u201d nale\u017cy za\u0142\u0105czy\u0107 pisemne uzasadnienie.<\/li>\n<li style=\"margin-bottom: 25px;\">Na styczniowym posiedzeniu Zarz\u0105du SA UEK nast\u0119puje prezentacja zg\u0142oszonych kandydatur do wyr\u00f3\u017cnienia \u201eB\u0142\u0119kitny Laur\u201d.<\/li>\n<li style=\"margin-bottom: 25px;\">Spo\u015br\u00f3d zg\u0142oszonych kandydat\u00f3w Zarz\u0105d SA UEK, w procedurze g\u0142osowania jawnego, wybiera maksymalnie dw\u00f3ch laureat\u00f3w wyr\u00f3\u017cnienia. Decyzja zapada zwyk\u0142\u0105 wi\u0119kszo\u015bci\u0105 g\u0142os\u00f3w os\u00f3b obecnych i uprawnionych do g\u0142osowania.<\/li>\n<li style=\"margin-bottom: 25px;\">W wyj\u0105tkowych sytuacjach Zarz\u0105d SA UEK mo\u017ce zadecydowa\u0107 o nieprzyznaniu w danym roku wyr\u00f3\u017cnienia \u201eB\u0142\u0119kitny Laur\u201d.<\/li>\n<li style=\"margin-bottom: 25px;\">Dyplom potwierdzaj\u0105cy uzyskanie wyr\u00f3\u017cnienia \u201eB\u0142\u0119kitny Laur\u201d jest wr\u0119czany podczas Balu B\u0142\u0119kitnego UEK.<\/li>\n<\/ol>\n<\/div><div class=\"fusion-image-element \" style=\"text-align:center;--awb-max-width:300px;--awb-caption-title-font-family:var(--h2_typography-font-family);--awb-caption-title-font-weight:var(--h2_typography-font-weight);--awb-caption-title-font-style:var(--h2_typography-font-style);--awb-caption-title-size:var(--h2_typography-font-size);--awb-caption-title-transform:var(--h2_typography-text-transform);--awb-caption-title-line-height:var(--h2_typography-line-height);--awb-caption-title-letter-spacing:var(--h2_typography-letter-spacing);\"><span class=\" fusion-imageframe imageframe-none imageframe-2 hover-type-none\"><img decoding=\"async\" width=\"500\" height=\"500\" title=\"pieczec-laur\" src=\"https:\/\/absolwent.uek.krakow.pl\/wp-content\/uploads\/2024\/10\/pieczec-laur.png\" alt class=\"img-responsive wp-image-1887\" srcset=\"https:\/\/absolwent.uek.krakow.pl\/wp-content\/uploads\/2024\/10\/pieczec-laur-200x200.png 200w, https:\/\/absolwent.uek.krakow.pl\/wp-content\/uploads\/2024\/10\/pieczec-laur-400x400.png 400w, https:\/\/absolwent.uek.krakow.pl\/wp-content\/uploads\/2024\/10\/pieczec-laur.png 500w\" sizes=\"(max-width: 1024px) 100vw, 500px\" \/><\/span><\/div><\/div><\/div><\/div><\/div>\n","protected":false},"excerpt":{"rendered":"","protected":false},"author":4,"featured_media":0,"parent":0,"menu_order":0,"comment_status":"closed","ping_status":"closed","template":"100-width.php","meta":{"footnotes":""},"class_list":["post-1873","page","type-page","status-publish","hentry"],"_links":{"self":[{"href":"https:\/\/absolwent.uek.krakow.pl\/index.php?rest_route=\/wp\/v2\/pages\/1873","targetHints":{"allow":["GET"]}}],"collection":[{"href":"https:\/\/absolwent.uek.krakow.pl\/index.php?rest_route=\/wp\/v2\/pages"}],"about":[{"href":"https:\/\/absolwent.uek.krakow.pl\/index.php?rest_route=\/wp\/v2\/types\/page"}],"author":[{"embeddable":true,"href":"https:\/\/absolwent.uek.krakow.pl\/index.php?rest_route=\/wp\/v2\/users\/4"}],"replies":[{"embeddable":true,"href":"https:\/\/absolwent.uek.krakow.pl\/index.php?rest_route=%2Fwp%2Fv2%2Fcomments&post=1873"}],"version-history":[{"count":29,"href":"https:\/\/absolwent.uek.krakow.pl\/index.php?rest_route=\/wp\/v2\/pages\/1873\/revisions"}],"predecessor-version":[{"id":1912,"href":"https:\/\/absolwent.uek.krakow.pl\/index.php?rest_route=\/wp\/v2\/pages\/1873\/revisions\/1912"}],"wp:attachment":[{"href":"https:\/\/absolwent.uek.krakow.pl\/index.php?rest_route=%2Fwp%2Fv2%2Fmedia&parent=1873"}],"curies":[{"name":"wp","href":"https:\/\/api.w.org\/{rel}","templated":true}]}}