{"id":2147,"date":"2026-01-13T11:59:28","date_gmt":"2026-01-13T10:59:28","guid":{"rendered":"https:\/\/absolwent.uek.krakow.pl\/?page_id=2147"},"modified":"2026-01-13T12:48:12","modified_gmt":"2026-01-13T11:48:12","slug":"regulamin-aukcji-charytatywnej","status":"publish","type":"page","link":"https:\/\/absolwent.uek.krakow.pl\/?page_id=2147","title":{"rendered":"REGULAMIN AUKCJI CHARYTATYWNEJ"},"content":{"rendered":"<div class=\"fusion-fullwidth fullwidth-box fusion-builder-row-1 fusion-flex-container has-pattern-background has-mask-background nonhundred-percent-fullwidth non-hundred-percent-height-scrolling\" style=\"--awb-border-radius-top-left:0px;--awb-border-radius-top-right:0px;--awb-border-radius-bottom-right:0px;--awb-border-radius-bottom-left:0px;--awb-padding-top:1%;--awb-padding-right:1%;--awb-padding-bottom:1%;--awb-padding-left:1%;--awb-background-color:#ffffff;--awb-flex-wrap:wrap;\" ><div class=\"fusion-builder-row fusion-row fusion-flex-align-items-flex-start fusion-flex-content-wrap\" style=\"max-width:1144px;margin-left: calc(-4% \/ 2 );margin-right: calc(-4% \/ 2 );\"><div class=\"fusion-layout-column fusion_builder_column fusion-builder-column-0 fusion_builder_column_1_1 1_1 fusion-flex-column\" style=\"--awb-bg-size:cover;--awb-width-large:100%;--awb-margin-top-large:0px;--awb-spacing-right-large:1.92%;--awb-margin-bottom-large:20px;--awb-spacing-left-large:1.92%;--awb-width-medium:100%;--awb-order-medium:0;--awb-spacing-right-medium:1.92%;--awb-spacing-left-medium:1.92%;--awb-width-small:100%;--awb-order-small:0;--awb-spacing-right-small:1.92%;--awb-spacing-left-small:1.92%;\"><div class=\"fusion-column-wrapper fusion-column-has-shadow fusion-flex-justify-content-flex-start fusion-content-layout-column\"><div class=\"fusion-text fusion-text-1\"><h2>REGULAMIN AUKCJI CHARYTATYWNEJ<\/h2>\n<h3>prowadzonej z przeznaczeniem ca\u0142o\u015bci uzyskanych \u015brodk\u00f3w na leczenie Bartka K\u0119dziory<\/h3>\n<h3 style=\"text-align: center;\">\u00a7 1<\/h3>\n<p style=\"text-align: center;\"><strong>Postanowienia og\u00f3lne<\/strong><\/p>\n<p>1. Niniejszy Regulamin ustala i reguluje zasady przeprowadzania aukcji charytatywnej pt.: Serce dla sztuki, sztuka dla serc. Absolwenci Absolwentom, prowadzonej z przeznaczeniem ca\u0142o\u015bci otrzymanych \u015brodk\u00f3w na leczenie i rehabilitacj\u0119 Bartka K\u0119dziory.<\/p>\n<p>2. Aukcja obj\u0119ta niniejszym Regulaminem jest aukcj\u0105 jednorazow\u0105, przeprowadzon\u0105 w dniu 23 stycznia 2026r., w trakcie Balu B\u0142\u0119kitnego 2026 organizowanego przez Stowarzyszenie Absolwent\u00f3w Uniwersytetu Ekonomicznego w Krakowie, zwane dalej Organizatorem.<\/p>\n<p>3. Aukcja ma cel charytatywny, co oznacza, \u017ce doch\u00f3d z aukcji zostanie w ca\u0142o\u015bci przekazany na leczenie i rehabilitacj\u0119 Bartka K\u0119dziory<\/p>\n<p>4. Przedmiotem aukcji s\u0105 odr\u0119cznie malowane prace plastyczne, inspirowane na dzie\u0142ach znanych artyst\u00f3w, wykonane przez student\u00f3w kierunku plastycznego Akademii Nauk Stosowanych w Nowym S\u0105czu. przekazane nieodp\u0142atnie na rzecz niniejszej aukcji (dalej: \u201ePrzedmiot\u201d, \u201ePrzedmioty\u201d),<\/p>\n<p>5. Do wylicytowanej ceny ka\u017cdego obiektu nie b\u0119dzie doliczana \u017cadna dodatkowa op\u0142ata dla Nabywcy. Przed licytacj\u0105 przedmiot\u00f3w wystawionych na aukcj\u0119 nie pobiera si\u0119 wadium od Uczestnik\u00f3w aukcji<\/p>\n<p>6. W aukcji wygrywa osoba, kt\u00f3ra w wyznaczonym czasie oraz zgodnie z niniejszym Regulaminem zaoferuje najwy\u017csz\u0105 kwot\u0119 za wystawiony na aukcji Przedmiot.<\/p>\n<h3 style=\"text-align: center;\">\u00a7 2<\/h3>\n<p style=\"text-align: center;\"><strong>Warunki uczestnictwa<\/strong><\/p>\n<p>1. Uczestnictwo w aukcji ma charakter dobrowolny i nieodp\u0142atny.<\/p>\n<p>2. Ka\u017cdy uczestnik aukcji na zasadzie dobrowolno\u015bci mo\u017ce wyrazi\u0107 zgod\u0119 na podanie jego nazwy lub nazwiska do wiadomo\u015bci pozosta\u0142ych uczestnik\u00f3w Aukcji, kt\u00f3re nast\u0105pi po jej zako\u0144czeniu.<\/p>\n<p>3. Uczestnikiem aukcji mo\u017ce by\u0107 ka\u017cda pe\u0142noletnia osoba fizyczna, posiadaj\u0105ca pe\u0142n\u0105 zdolno\u015b\u0107 do czynno\u015bci prawnych, jak r\u00f3wnie\u017c osoba prawna lub jednostka organizacyjna nieposiadaj\u0105ca osobowo\u015bci prawnej.<\/p>\n<p>4. Uczestnictwo w aukcji os\u00f3b prawnych i jednostki organizacyjnej nieposiadaj\u0105cej osobowo\u015bci prawnej odbywa si\u0119 za po\u015brednictwem osoby, kt\u00f3ra jest umocowana do reprezentowania osoby prawnej lub jednostki organizacyjnej nieposiadaj\u0105cej osobowo\u015bci prawnej, w tym do sk\u0142adania o\u015bwiadcze\u0144 woli i dokonywania w ich imieniu wszelkich czynno\u015bci zwi\u0105zanych z uczestnictwem w aukcji i nabywania wynikaj\u0105cych z tego uczestnictwa praw oraz podejmowania zwi\u0105zanych z tym uczestnictwem obowi\u0105zk\u00f3w.<\/p>\n<p>5. Udzia\u0142 w aukcji odbywa si\u0119 w spos\u00f3b jawny. Warunkiem wzi\u0119cia udzia\u0142u w aukcji jest zg\u0142oszenie akcesu w trakcie jej trwania.<\/p>\n<h3 style=\"text-align: center;\">\u00a73<\/h3>\n<p style=\"text-align: center;\"><strong>Przedmioty aukcji<\/strong><\/p>\n<p>1. Przedmioty oferowane podczas aukcji b\u0119d\u0105 wystawiane w trakcie Balu B\u0142\u0119kitnego na widok zainteresowanych przez Organizatora.<\/p>\n<p>2. Dla ka\u017cdego przedmiotu zostanie ustalona cena minimalna (wywo\u0142awcza).<\/p>\n<h3 style=\"text-align: center;\">\u00a7 4<\/h3>\n<p style=\"text-align: center;\"><strong>Przebieg Aukcji<\/strong><\/p>\n<p>1. Od momentu wystawienia Przedmiotu na aukcj\u0119, zgodnie z \u00a73, rozpoczyna si\u0119 mo\u017cliwo\u015b\u0107 zg\u0142aszania ofert cenowych przez zainteresowanych.<\/p>\n<p>2. Licytacja odbywa si\u0119 w walucie PLN.<\/p>\n<p>3. Aukcj\u0119 prowadzi osoba wskazana przez organizatora zwana Aukcjonerem.<\/p>\n<p>4. Kwot\u0105, od kt\u00f3rej rozpoczynaj\u0105 si\u0119 licytacje jest cena wywo\u0142awcza. Przedmioty licytowane s\u0105 w g\u00f3r\u0119, a ka\u017cda kolejna deklarowana cena przebicia musi by\u0107 wy\u017csza od poprzedniej o kwot\u0119 minimum 50 z\u0142.<\/p>\n<p>5. Zg\u0142oszenie propozycji cenowej zakupu licytowanego obiektu odbywa si\u0119 przez potwierdzenie kwoty og\u0142oszonej przez Aukcjonera ustnie lub poprzez podniesienie r\u0119ki przez uczestnika aukcji, okre\u015blaj\u0105c deklarowan\u0105 kwot\u0119.<\/p>\n<p>6. W razie zg\u0142oszenia, przez co najmniej dw\u00f3ch uczestnik\u00f3w licytacji, jednakowej ceny licytowanego przedmiotu, pierwsze\u0144stwo ma oferta zg\u0142oszona wcze\u015bniej.<\/p>\n<p>7. Ka\u017cda oferta cenowa zg\u0142oszona przez uczestnika aukcji jest prawnie wi\u0105\u017c\u0105ca i nie mo\u017ce by\u0107 przez niego wycofana.<\/p>\n<p>8. Uczestnik, kt\u00f3rego oferowana cena b\u0119dzie najwy\u017csza w momencie zako\u0144czenia aukcji, zostaje jej zwyci\u0119zc\u0105. Organizator wska\u017ce uczestnika aukcji, kt\u00f3ry zaproponowa\u0142 najwy\u017csz\u0105 kwot\u0119 w ramach danej aukcji.<\/p>\n<p>9. Zako\u0144czenie licytacji nast\u0119puje w momencie uderzenia m\u0142otkiem przez Aukcjonera i jest jednoznaczne z zawarciem transakcji z licytantem, kt\u00f3ry zaoferowa\u0142 najwy\u017csz\u0105 cen\u0119.<\/p>\n<p>10. W przypadku zaistnienia sporu w trakcie licytacji, Aukcjoner rozstrzyga sp\u00f3r lub ponownie przeprowadza licytacj\u0119 obiektu<\/p>\n<p>11. Wyniki aukcji, a w tym wylicytowana cena, b\u0119d\u0105 upublicznione na stronie internetowej Stowarzyszenia. Wyniki aukcji s\u0105 wi\u0105\u017c\u0105ce i ostateczne.<\/p>\n<p>12. Warunkiem wydania przedmiotu aukcji oraz przej\u015bcia jego w\u0142asno\u015bci na zwyci\u0119zc\u0119 aukcji jest uiszczenie deklarowanej kwoty, co powinno nast\u0105pi\u0107 podczas balu, w wyj\u0105tkowych przypadkach nie p\u00f3\u017aniej ni\u017c w terminie 48 h od chwili zako\u0144czenia aukcji.<\/p>\n<p>13. Wp\u0142at za wylicytowane przedmioty nale\u017cy dokonywa\u0107: darowizn\u0105 online, Blikiem lub przelewem bankowym, bezpo\u015brednio na rachunek bankowy beneficjenta pomocy, zgodnie z nast\u0119puj\u0105cymi danymi: Fundacja Dzieciom zd\u0105\u017cy\u0107 z pomoc\u0105 numer rachunku bankowego 42 2490 0005 0000 4600 7549 3994 tytu\u0142em: 10188 K\u0119dziora Bart\u0142omiej darowizna na pomoc i ochron\u0119 zdrowia<\/p>\n<p>14. Po dokonaniu wp\u0142aty, nale\u017cy o tym fakcie niezw\u0142ocznie powiadomi\u0107 Organizatora, okazuj\u0105c potwierdzenie dokonanego przelewu podczas balu lub mailowo na adres: sa@uek.krakow.pl. W ramach powiadomienia nale\u017cy poda\u0107 imi\u0119 i nazwisko\/nazw\u0119 firmy oraz nazw\u0119 licytowanego Przedmiotu.<\/p>\n<p>15. W przypadku niedokonania przez zwyci\u0119zc\u0119 aukcji wp\u0142aty w wyznaczonym terminie, prawo do jego nabycia przechodzi na osob\u0119, kt\u00f3ra zadeklarowa\u0142a kolejn\u0105 najwy\u017csz\u0105 kwot\u0119 podczas przeprowadzonej licytacji.<\/p>\n<p>16. Ka\u017cdy uczestnik aukcji mo\u017ce dokonywa\u0107 dowolnej ilo\u015bci zg\u0142osze\u0144 w ramach odbywaj\u0105cych si\u0119 licytacji.<\/p>\n<p>17. Odbi\u00f3r wylicytowanego Przedmiotu mo\u017cliwy jest wy\u0142\u0105cznie osobi\u015bcie i powinien nast\u0105pi\u0107 w terminie 7 dni od dnia wp\u0142ywu \u015brodk\u00f3w za wylicytowany Przedmiot na wskazany w ust. 13 rachunek bankowy. Przedmioty, kt\u00f3re nie zostan\u0105 odebrane przez kupuj\u0105cego w tym czasie, zostan\u0105 przeznaczone do dyspozycji Organizatora.<\/p>\n<h3 style=\"text-align: center;\">\u00a7 5<\/h3>\n<p style=\"text-align: center;\"><strong>Reklamacje<\/strong><\/p>\n<p>1. Reklamacje dotycz\u0105ce spraw zwi\u0105zanych z aukcj\u0105 nale\u017cy sk\u0142ada\u0107 na pi\u015bmie do Organizatora, w terminie do 3 dni od daty og\u0142oszenia wynik\u00f3w, poczt\u0105 elektroniczn\u0105 na adres: sa@uek.krakow.pl<\/p>\n<p>2. Reklamacje dor\u0119czone lub przes\u0142ane po up\u0142ywie terminu okre\u015blonego w ust. 1 powy\u017cej nie b\u0119d\u0105 rozpatrywane przez Organizatora.<\/p>\n<p>3. Reklamacje powinny wskazywa\u0107 dane wnosz\u0105cego reklamacj\u0119 oraz zwi\u0119z\u0142y opis przedmiotu reklamacji i uzasadnienie reklamacji.<\/p>\n<p>4. Organizator rozpatruje reklamacje w terminie 14 dni od dnia ich otrzymania. Odpowiedzi na reklamacje b\u0119d\u0105 udzielane w formie pisemnej na adres mailowy Reklamuj\u0105cego.<\/p>\n<h3 style=\"text-align: center;\">\u00a7 6<\/h3>\n<p style=\"text-align: center;\"><strong>Postanowienia ko\u0144cowe<\/strong><\/p>\n<p>1. Przyst\u0105pienie do aukcji jest r\u00f3wnoznaczne z akceptacj\u0105 postanowie\u0144 niniejszego Regulaminu.<\/p>\n<p>2. Organizator informuje, \u017ce Aukcja nie jest w \u017cadnym zakresie sponsorowana, wspierana, administrowana, ani stowarzyszona z jakimikolwiek portalami spo\u0142eczno\u015bciowymi. Informacje podawane przez uczestnik\u00f3w aukcji s\u0105 informacjami podawanymi wy\u0142\u0105cznie Organizatorowi. Informacje te b\u0119d\u0105 wykorzystane wy\u0142\u0105cznie w celu przeprowadzenia aukcji charytatywnej przez Organizatora i nie b\u0119d\u0105 w \u017caden spos\u00f3b gromadzone lub przetwarzane przez Organizatora aukcji.<\/p>\n<p>3. Organizator nie ponosi odpowiedzialno\u015bci za wystawiane na aukcj\u0119 Przedmioty, w tym zakresie ich ewentualnych wad prawnych.<\/p>\n<p>4. Niniejszy Regulamin dost\u0119pny jest na stronie Stowarzyszenia.<\/p>\n<p>5. W sprawach nieuregulowanych niniejszym Regulaminem zastosowanie znajdowa\u0107 b\u0119d\u0105 powszechnie obowi\u0105zuj\u0105ce przepisy, a w szczeg\u00f3lno\u015bci przepisy Kodeksu cywilnego.<\/p>\n<p>6. Organizator zastrzega sobie prawo do zmiany niniejszego Regulaminu, a tak\u017ce zawieszenia organizacji aukcji z przyczyn technicznych lub niezale\u017cnych.<\/p>\n<\/div><\/div><\/div><\/div><\/div>\n","protected":false},"excerpt":{"rendered":"","protected":false},"author":4,"featured_media":0,"parent":0,"menu_order":0,"comment_status":"closed","ping_status":"closed","template":"","meta":{"footnotes":""},"class_list":["post-2147","page","type-page","status-publish","hentry"],"_links":{"self":[{"href":"https:\/\/absolwent.uek.krakow.pl\/index.php?rest_route=\/wp\/v2\/pages\/2147","targetHints":{"allow":["GET"]}}],"collection":[{"href":"https:\/\/absolwent.uek.krakow.pl\/index.php?rest_route=\/wp\/v2\/pages"}],"about":[{"href":"https:\/\/absolwent.uek.krakow.pl\/index.php?rest_route=\/wp\/v2\/types\/page"}],"author":[{"embeddable":true,"href":"https:\/\/absolwent.uek.krakow.pl\/index.php?rest_route=\/wp\/v2\/users\/4"}],"replies":[{"embeddable":true,"href":"https:\/\/absolwent.uek.krakow.pl\/index.php?rest_route=%2Fwp%2Fv2%2Fcomments&post=2147"}],"version-history":[{"count":10,"href":"https:\/\/absolwent.uek.krakow.pl\/index.php?rest_route=\/wp\/v2\/pages\/2147\/revisions"}],"predecessor-version":[{"id":2157,"href":"https:\/\/absolwent.uek.krakow.pl\/index.php?rest_route=\/wp\/v2\/pages\/2147\/revisions\/2157"}],"wp:attachment":[{"href":"https:\/\/absolwent.uek.krakow.pl\/index.php?rest_route=%2Fwp%2Fv2%2Fmedia&parent=2147"}],"curies":[{"name":"wp","href":"https:\/\/api.w.org\/{rel}","templated":true}]}}