{"id":2184,"date":"2026-02-12T15:19:36","date_gmt":"2026-02-12T14:19:36","guid":{"rendered":"https:\/\/absolwent.uek.krakow.pl\/?page_id=2184"},"modified":"2026-02-16T10:00:46","modified_gmt":"2026-02-16T09:00:46","slug":"publikacje","status":"publish","type":"page","link":"https:\/\/absolwent.uek.krakow.pl\/?page_id=2184","title":{"rendered":"Publikacje"},"content":{"rendered":"<p><div class=\"fusion-fullwidth fullwidth-box fusion-builder-row-1 fusion-flex-container fusion-parallax-none nonhundred-percent-fullwidth non-hundred-percent-height-scrolling\" style=\"--awb-background-position:left top;--awb-border-radius-top-left:0px;--awb-border-radius-top-right:0px;--awb-border-radius-bottom-right:0px;--awb-border-radius-bottom-left:0px;--awb-padding-top:90px;--awb-background-image:url(&quot;https:\/\/absolwent.uek.krakow.pl\/wp-content\/uploads\/2020\/02\/bgr-bordo-light.jpg&quot;);--awb-background-size:cover;--awb-flex-wrap:wrap;\" ><div class=\"fusion-builder-row fusion-row fusion-flex-align-items-flex-start fusion-flex-content-wrap\" style=\"max-width:1144px;margin-left: calc(-4% \/ 2 );margin-right: calc(-4% \/ 2 );\"><div class=\"fusion-layout-column fusion_builder_column fusion-builder-column-0 fusion_builder_column_1_6 1_6 fusion-flex-column fusion-no-small-visibility\" style=\"--awb-bg-size:cover;--awb-width-large:16.666666666667%;--awb-margin-top-large:0px;--awb-spacing-right-large:11.52%;--awb-margin-bottom-large:20px;--awb-spacing-left-large:11.52%;--awb-width-medium:16.666666666667%;--awb-spacing-right-medium:11.52%;--awb-spacing-left-medium:11.52%;--awb-width-small:100%;--awb-spacing-right-small:1.92%;--awb-spacing-left-small:1.92%;\"><div class=\"fusion-column-wrapper fusion-flex-justify-content-flex-start fusion-content-layout-column\"><\/div><\/div><div class=\"fusion-layout-column fusion_builder_column fusion-builder-column-1 fusion_builder_column_2_3 2_3 fusion-flex-column\" style=\"--awb-bg-size:cover;--awb-width-large:66.666666666667%;--awb-margin-top-large:2%;--awb-spacing-right-large:2.88%;--awb-margin-bottom-large:2%;--awb-spacing-left-large:2.88%;--awb-width-medium:66.666666666667%;--awb-spacing-right-medium:2.88%;--awb-spacing-left-medium:2.88%;--awb-width-small:100%;--awb-spacing-right-small:1.92%;--awb-spacing-left-small:1.92%;\"><div class=\"fusion-column-wrapper fusion-flex-justify-content-flex-start fusion-content-layout-column\"><div class=\"fusion-text fusion-text-1\"><h2 style=\"text-align: center;\"><span style=\"color: #87314b;\">Nasze <\/span>publikacje<\/h2>\n<\/div><div class=\"fusion-separator\" style=\"align-self: center;margin-left: auto;margin-right: auto;margin-bottom:10px;width:100%;max-width:100px;\"><div class=\"fusion-separator-border sep-single sep-solid\" style=\"--awb-height:20px;--awb-amount:20px;--awb-sep-color:#87314b;border-color:#87314b;border-top-width:2px;\"><\/div><\/div><div class=\"fusion-text fusion-text-2\"><div class=\"x_elementToProof\" style=\"text-align: center;\" data-olk-copy-source=\"MessageBody\"><strong>Stowarzyszenie Absolwent\u00f3w Uniwersytetu Ekonomicznego w Krakowie<\/strong> w kadencjach<strong> 2017 -2021<\/strong> oraz <strong>2021 &#8211; 2025<\/strong>\u00a0 przygotowa\u0142o dwie publikacje:\u00a0 W roku 2020 z okazji 50 -lecia SA i 95 -lecia Naszej Alma Mater: <span style=\"color: #993366;\">\u201e<a style=\"color: #993366;\" href=\"https:\/\/absolwent.uek.krakow.pl\/?p=2194\"><strong>Ogniwa jednego \u0142a\u0144cucha<\/strong><\/a>\u201d<\/span>.\u00a0 \u00a0 W roku 2025 r\u00f3wnie\u017c z okazji dw\u00f3ch powa\u017cnych Jubileusz\u00f3w: 100 &#8211; lecia Uniwersytetu Ekonomicznego w Krakowie i 55 -lecia Stowarzyszenia Absolwent\u00f3w\u00a0 UEK :\u00a0 <span style=\"color: #993366;\">\u201e<a style=\"color: #993366;\" href=\"https:\/\/absolwent.uek.krakow.pl\/?p=2211\"><strong>Pokolenia. Absolwenci Uniwersytetu Ekonomicznego w Krakowie o sobie<\/strong><\/a>\u201d<\/span>.<\/div>\n<\/div><\/div><\/div><div class=\"fusion-layout-column fusion_builder_column fusion-builder-column-2 fusion_builder_column_1_6 1_6 fusion-flex-column fusion-no-small-visibility\" style=\"--awb-bg-size:cover;--awb-width-large:16.666666666667%;--awb-margin-top-large:0px;--awb-spacing-right-large:11.52%;--awb-margin-bottom-large:20px;--awb-spacing-left-large:11.52%;--awb-width-medium:16.666666666667%;--awb-spacing-right-medium:11.52%;--awb-spacing-left-medium:11.52%;--awb-width-small:100%;--awb-spacing-right-small:1.92%;--awb-spacing-left-small:1.92%;\"><div class=\"fusion-column-wrapper fusion-flex-justify-content-flex-start fusion-content-layout-column\"><\/div><\/div><\/div><\/div><div class=\"fusion-fullwidth fullwidth-box fusion-builder-row-2 fusion-flex-container has-pattern-background has-mask-background nonhundred-percent-fullwidth non-hundred-percent-height-scrolling\" style=\"--link_color: #006fbf;--awb-border-color:#ffffff;--awb-border-radius-top-left:0px;--awb-border-radius-top-right:0px;--awb-border-radius-bottom-right:0px;--awb-border-radius-bottom-left:0px;--awb-padding-top:30px;--awb-padding-right:30px;--awb-padding-bottom:30px;--awb-padding-left:30px;--awb-background-color:#ffffff;--awb-flex-wrap:wrap;\" ><div class=\"fusion-builder-row fusion-row fusion-flex-align-items-flex-start fusion-flex-content-wrap\" style=\"max-width:1144px;margin-left: calc(-4% \/ 2 );margin-right: calc(-4% \/ 2 );\"><div class=\"fusion-layout-column fusion_builder_column fusion-builder-column-3 fusion_builder_column_1_1 1_1 fusion-flex-column\" style=\"--awb-bg-size:cover;--awb-width-large:100%;--awb-margin-top-large:0px;--awb-spacing-right-large:1.92%;--awb-margin-bottom-large:20px;--awb-spacing-left-large:1.92%;--awb-width-medium:100%;--awb-order-medium:0;--awb-spacing-right-medium:1.92%;--awb-spacing-left-medium:1.92%;--awb-width-small:100%;--awb-order-small:0;--awb-spacing-right-small:1.92%;--awb-spacing-left-small:1.92%;\"><div class=\"fusion-column-wrapper fusion-column-has-shadow fusion-flex-justify-content-flex-start fusion-content-layout-column\"><div class=\"fusion-blog-shortcode fusion-blog-shortcode-1 fusion-blog-archive fusion-blog-layout-medium-alternate fusion-blog-pagination\" style=\"--awb-title-font-size:1.6rem;--awb-title-line-height:1.9rem;\" id=\"publikacje\"><div class=\"fusion-posts-container fusion-posts-container-pagination fusion-blog-rollover\" data-pages=\"1\"><article id=\"blog-1-post-2211\" class=\"fusion-post-medium-alternate post-2211 post type-post status-publish format-standard has-post-thumbnail hentry category-publikacje\">\n<div class=\"fusion-date-and-formats\"><div class=\"fusion-date-box updated\"><span class=\"fusion-date\">13<\/span><span class=\"fusion-month-year\">02, 2026<\/span><\/div><div class=\"fusion-format-box\"><i class=\"awb-icon-pen\" aria-hidden=\"true\"><\/i><\/div><\/div>\t<style type=\"text\/css\">\n\t\t\n\t\t\n\t\t\n\t\t\n\t\t\t<\/style>\n\n\n\t\t\t<div class=\"fusion-flexslider flexslider fusion-flexslider-loading fusion-post-slideshow\" style=\"\">\n\t\t<ul class=\"slides\">\n\t\t\t\n\t\t\t\t\t\t\t\t\t\t\t\t\t\t<li><div  class=\"fusion-image-wrapper fusion-image-size-fixed\" aria-haspopup=\"true\">\n\t\t\t\t<img decoding=\"async\" width=\"320\" height=\"202\" src=\"https:\/\/absolwent.uek.krakow.pl\/wp-content\/uploads\/2026\/02\/01_pokolenia_poziom-320x202.webp\" class=\"attachment-blog-medium size-blog-medium wp-post-image\" alt=\"\" srcset=\"https:\/\/absolwent.uek.krakow.pl\/wp-content\/uploads\/2026\/02\/01_pokolenia_poziom-320x202.webp 320w, https:\/\/absolwent.uek.krakow.pl\/wp-content\/uploads\/2026\/02\/01_pokolenia_poziom-700x441.webp 700w\" sizes=\"(max-width: 320px) 100vw, 320px\" \/><div class=\"fusion-rollover\">\n\t<div class=\"fusion-rollover-content\">\n\n\t\t\t\t\t\t\t\t\t\t\t\t\t\t<a class=\"fusion-rollover-link\" href=\"https:\/\/absolwent.uek.krakow.pl\/?p=2211\">Pokolenia. Absolwenci Uniwersytetu Ekonomicznego w Krakowie o sobie<\/a>\n\t\t\t\n\t\t\t\t\t\t\t\t\t\t\t\t\t\t\n\t\t\t\t\t\t\t\t\n\t\t\t\t\t\t\t\t\t\t\t\t\t<div class=\"fusion-rollover-sep\"><\/div>\n\t\t\t\t\n\t\t\t\t\t\t\t\t\t\t\t\t\t\t\t\t\t\t<a class=\"fusion-rollover-gallery\" href=\"https:\/\/absolwent.uek.krakow.pl\/wp-content\/uploads\/2026\/02\/01_pokolenia_poziom.webp\" data-options=\"\" data-id=\"2211\" data-rel=\"iLightbox[gallery]\" data-title=\"01_pokolenia_poziom\" data-caption=\"\">\n\t\t\t\t\t\tGallery\t\t\t\t\t<\/a>\n\t\t\t\t\t\t\t\t\t\t\t\t\t\t\n\t\t\n\t\t\t\t\t\t\t\t\n\t\t\t\t\t\t\t\t\n\t\t\n\t\t\t\t\t\t<a class=\"fusion-link-wrapper\" href=\"https:\/\/absolwent.uek.krakow.pl\/?p=2211\" aria-label=\"Pokolenia. Absolwenci Uniwersytetu Ekonomicznego w Krakowie o sobie\"><\/a>\n\t<\/div>\n<\/div>\n<\/div>\n<\/li>\n\t\t\t\n\t\t\t\n\t\t\t\t\t\t\t\t\t\t\t\t\t\t\t\t\t\t\t\t\t\t\t\t\t\t\t\t\t\t\t\t\t\t\t\t\t\t\t\t\t\t\t\t\t\t\t\t\t\t\t\t\t\t\t\t\t\t\t\t\t\t\t\t\t\t\t\t<\/ul>\n\t<\/div>\n\t<div class=\"fusion-post-content post-content\"><h2 class=\"blog-shortcode-post-title entry-title\"><a href=\"https:\/\/absolwent.uek.krakow.pl\/?p=2211\">Pokolenia. Absolwenci Uniwersytetu Ekonomicznego w Krakowie o sobie<\/a><\/h2><\/div><div class=\"fusion-clearfix\"><\/div><div class=\"fusion-meta-info\"><div class=\"fusion-alignright\"><a class=\"fusion-read-more\" href=\"https:\/\/absolwent.uek.krakow.pl\/?p=2211\" aria-label=\"More on Pokolenia. Absolwenci Uniwersytetu Ekonomicznego w Krakowie o sobie\">Czytaj dalej<\/a><\/div><\/div><\/article>\n<article id=\"blog-1-post-2194\" class=\"fusion-post-medium-alternate post-2194 post type-post status-publish format-standard has-post-thumbnail hentry category-publikacje\">\n<div class=\"fusion-date-and-formats\"><div class=\"fusion-date-box updated\"><span class=\"fusion-date\">13<\/span><span class=\"fusion-month-year\">02, 2026<\/span><\/div><div class=\"fusion-format-box\"><i class=\"awb-icon-pen\" aria-hidden=\"true\"><\/i><\/div><\/div>\t<style type=\"text\/css\">\n\t\t\n\t\t\n\t\t\n\t\t\n\t\t\t<\/style>\n\n\n\t\t\t<div class=\"fusion-flexslider flexslider fusion-flexslider-loading fusion-post-slideshow\" style=\"\">\n\t\t<ul class=\"slides\">\n\t\t\t\n\t\t\t\t\t\t\t\t\t\t\t\t\t\t<li><div  class=\"fusion-image-wrapper fusion-image-size-fixed\" aria-haspopup=\"true\">\n\t\t\t\t<img decoding=\"async\" width=\"320\" height=\"202\" src=\"https:\/\/absolwent.uek.krakow.pl\/wp-content\/uploads\/2026\/02\/02_ogniwa_poziom-320x202.webp\" class=\"attachment-blog-medium size-blog-medium wp-post-image\" alt=\"\" srcset=\"https:\/\/absolwent.uek.krakow.pl\/wp-content\/uploads\/2026\/02\/02_ogniwa_poziom-320x202.webp 320w, https:\/\/absolwent.uek.krakow.pl\/wp-content\/uploads\/2026\/02\/02_ogniwa_poziom-700x441.webp 700w\" sizes=\"(max-width: 320px) 100vw, 320px\" \/><div class=\"fusion-rollover\">\n\t<div class=\"fusion-rollover-content\">\n\n\t\t\t\t\t\t\t\t\t\t\t\t\t\t<a class=\"fusion-rollover-link\" href=\"https:\/\/absolwent.uek.krakow.pl\/?p=2194\">Ogniwa jednego \u0142a\u0144cucha. Wspomnienia Absolwent\u00f3w Uniwersytetu Ekonomicznego w Krakowie<\/a>\n\t\t\t\n\t\t\t\t\t\t\t\t\t\t\t\t\t\t\n\t\t\t\t\t\t\t\t\n\t\t\t\t\t\t\t\t\t\t\t\t\t<div class=\"fusion-rollover-sep\"><\/div>\n\t\t\t\t\n\t\t\t\t\t\t\t\t\t\t\t\t\t\t\t\t\t\t<a class=\"fusion-rollover-gallery\" href=\"https:\/\/absolwent.uek.krakow.pl\/wp-content\/uploads\/2026\/02\/02_ogniwa_poziom.webp\" data-options=\"\" data-id=\"2194\" data-rel=\"iLightbox[gallery]\" data-title=\"02_ogniwa_poziom\" data-caption=\"\">\n\t\t\t\t\t\tGallery\t\t\t\t\t<\/a>\n\t\t\t\t\t\t\t\t\t\t\t\t\t\t\n\t\t\n\t\t\t\t\t\t\t\t\n\t\t\t\t\t\t\t\t\n\t\t\n\t\t\t\t\t\t<a class=\"fusion-link-wrapper\" href=\"https:\/\/absolwent.uek.krakow.pl\/?p=2194\" aria-label=\"Ogniwa jednego \u0142a\u0144cucha. Wspomnienia Absolwent\u00f3w Uniwersytetu Ekonomicznego w Krakowie\"><\/a>\n\t<\/div>\n<\/div>\n<\/div>\n<\/li>\n\t\t\t\n\t\t\t\n\t\t\t\t\t\t\t\t\t\t\t\t\t\t\t\t\t\t\t\t\t\t\t\t\t\t\t\t\t\t\t\t\t\t\t\t\t\t\t\t\t\t\t\t\t\t\t\t\t\t\t\t\t\t\t\t\t\t\t\t\t\t\t\t\t\t\t\t<\/ul>\n\t<\/div>\n\t<div class=\"fusion-post-content post-content\"><h2 class=\"blog-shortcode-post-title entry-title\"><a href=\"https:\/\/absolwent.uek.krakow.pl\/?p=2194\">Ogniwa jednego \u0142a\u0144cucha. Wspomnienia Absolwent\u00f3w Uniwersytetu Ekonomicznego w Krakowie<\/a><\/h2><\/div><div class=\"fusion-clearfix\"><\/div><div class=\"fusion-meta-info\"><div class=\"fusion-alignright\"><a class=\"fusion-read-more\" href=\"https:\/\/absolwent.uek.krakow.pl\/?p=2194\" aria-label=\"More on Ogniwa jednego \u0142a\u0144cucha. Wspomnienia Absolwent\u00f3w Uniwersytetu Ekonomicznego w Krakowie\">Czytaj dalej<\/a><\/div><\/div><\/article>\n<\/div><\/div><\/div><\/div><\/div><\/div><\/p>\n","protected":false},"excerpt":{"rendered":"","protected":false},"author":4,"featured_media":0,"parent":0,"menu_order":0,"comment_status":"closed","ping_status":"closed","template":"100-width.php","meta":{"footnotes":""},"class_list":["post-2184","page","type-page","status-publish","hentry"],"_links":{"self":[{"href":"https:\/\/absolwent.uek.krakow.pl\/index.php?rest_route=\/wp\/v2\/pages\/2184","targetHints":{"allow":["GET"]}}],"collection":[{"href":"https:\/\/absolwent.uek.krakow.pl\/index.php?rest_route=\/wp\/v2\/pages"}],"about":[{"href":"https:\/\/absolwent.uek.krakow.pl\/index.php?rest_route=\/wp\/v2\/types\/page"}],"author":[{"embeddable":true,"href":"https:\/\/absolwent.uek.krakow.pl\/index.php?rest_route=\/wp\/v2\/users\/4"}],"replies":[{"embeddable":true,"href":"https:\/\/absolwent.uek.krakow.pl\/index.php?rest_route=%2Fwp%2Fv2%2Fcomments&post=2184"}],"version-history":[{"count":24,"href":"https:\/\/absolwent.uek.krakow.pl\/index.php?rest_route=\/wp\/v2\/pages\/2184\/revisions"}],"predecessor-version":[{"id":2254,"href":"https:\/\/absolwent.uek.krakow.pl\/index.php?rest_route=\/wp\/v2\/pages\/2184\/revisions\/2254"}],"wp:attachment":[{"href":"https:\/\/absolwent.uek.krakow.pl\/index.php?rest_route=%2Fwp%2Fv2%2Fmedia&parent=2184"}],"curies":[{"name":"wp","href":"https:\/\/api.w.org\/{rel}","templated":true}]}}